{"id":2347,"date":"2019-09-26T13:16:00","date_gmt":"2019-09-26T13:16:00","guid":{"rendered":"https:\/\/www.consultassanteria.com\/wordpress\/?post_type=product&#038;p=2347"},"modified":"2025-04-11T19:38:10","modified_gmt":"2025-04-11T19:38:10","slug":"pack-de-apoolas","status":"publish","type":"product","link":"https:\/\/www.consultassanteria.com\/wordpress\/producto\/pack-de-apoolas\/","title":{"rendered":"Pack de Apoolas"},"content":{"rendered":"<p>Aboru Aboye Abosise !!!<\/p>\n<p>Saludos:<\/p>\n<p>El vocablo Apoolas no se refiere a \u00fanicamente un libro, sino al compendio de historias sobre un Odu de If\u00e1 determinado.<\/p>\n<p>Tengo a la venta \u00a0packs de cada Odu \u00a0(Osa por ejemplo son 16 packs distintos) que \u00a0contienen:<\/p>\n<p>16 caminos africanos in\u00e9ditos, (rezo, ebo, traducci\u00f3n y Ese If\u00e1)<\/p>\n<p>2 medicinas espec\u00edficas de ese Odu<\/p>\n<p>El precio es de 150\u20ac. El pago se puede realizar por transferencia bancaria, Paypal, Tarjeta, Western Union o Money Gram<\/p>\n<p>Puedes ver m\u00e1s informaci\u00f3n en este link:<\/p>\n<p>https:\/\/www.consultassanteria.com\/caminos-africanos-por-signo.php<\/p>\n<p>Si quieres compendios completos de If\u00e1 tambi\u00e9n podemos hablarlo. Ll\u00e1mame al +34663307469<\/p>\n<p>atte<\/p>\n","protected":false},"excerpt":{"rendered":"<p>Aboru Aboye Abosise !!!<\/p>\n<p>El vocablo Apoolas no se refiere a \u00fanicamente un libro, sino al compendio de historias sobre un Odu de If\u00e1 determinado.<\/p>\n<p>Tengo a la venta \u00a0packs de cada Odu \u00a0(Osa por ejemplo son 16 packs distintos) que \u00a0contienen:<\/p>\n<p>16 caminos africanos in\u00e9ditos, (rezo, ebo, traducci\u00f3n y Ese If\u00e1)<\/p>\n<p>2 medicinas espec\u00edficas de ese Odu<\/p>\n<p>El precio es de 150\u20ac. El pago se puede realizar por transferencia bancaria, Paypal, Tarjeta, Western Union o Money Gram<\/p>\n<p>Puedes ver m\u00e1s informaci\u00f3n en este link:<\/p>\n<p>https:\/\/www.consultassanteria.com\/caminos-africanos-por-signo.php<\/p>\n<p>Si quieres compendios completos de If\u00e1 tambi\u00e9n podemos hablarlo. Ll\u00e1mame al +34663307469<\/p>\n<p>atte<\/p>\n","protected":false},"featured_media":6878,"comment_status":"open","ping_status":"closed","template":"","meta":[],"product_brand":[],"product_cat":[23339],"product_tag":[23340,23341,23342],"class_list":{"0":"post-2347","1":"product","2":"type-product","3":"status-publish","4":"has-post-thumbnail","6":"product_cat-apoolas-ifa","7":"product_tag-caminos-de-ifa","8":"product_tag-signos-de-ifa-nigeria","9":"product_tag-signos-de-orunla","11":"first","12":"instock","13":"virtual","14":"taxable","15":"purchasable","16":"product-type-simple"},"acf":[],"_links":{"self":[{"href":"https:\/\/www.consultassanteria.com\/wordpress\/wp-json\/wp\/v2\/product\/2347","targetHints":{"allow":["GET"]}}],"collection":[{"href":"https:\/\/www.consultassanteria.com\/wordpress\/wp-json\/wp\/v2\/product"}],"about":[{"href":"https:\/\/www.consultassanteria.com\/wordpress\/wp-json\/wp\/v2\/types\/product"}],"replies":[{"embeddable":true,"href":"https:\/\/www.consultassanteria.com\/wordpress\/wp-json\/wp\/v2\/comments?post=2347"}],"wp:featuredmedia":[{"embeddable":true,"href":"https:\/\/www.consultassanteria.com\/wordpress\/wp-json\/wp\/v2\/media\/6878"}],"wp:attachment":[{"href":"https:\/\/www.consultassanteria.com\/wordpress\/wp-json\/wp\/v2\/media?parent=2347"}],"wp:term":[{"taxonomy":"product_brand","embeddable":true,"href":"https:\/\/www.consultassanteria.com\/wordpress\/wp-json\/wp\/v2\/product_brand?post=2347"},{"taxonomy":"product_cat","embeddable":true,"href":"https:\/\/www.consultassanteria.com\/wordpress\/wp-json\/wp\/v2\/product_cat?post=2347"},{"taxonomy":"product_tag","embeddable":true,"href":"https:\/\/www.consultassanteria.com\/wordpress\/wp-json\/wp\/v2\/product_tag?post=2347"}],"curies":[{"name":"wp","href":"https:\/\/api.w.org\/{rel}","templated":true}]}}