{"id":1749,"date":"2018-05-21T14:28:40","date_gmt":"2018-05-21T14:28:40","guid":{"rendered":"https:\/\/www.consultassanteria.com\/wordpress\/politica-de-privacidad\/"},"modified":"2020-05-19T19:56:00","modified_gmt":"2020-05-19T19:56:00","slug":"politica-de-privacidad","status":"publish","type":"page","link":"https:\/\/www.consultassanteria.com\/wordpress\/lopd-rgpd\/politica-de-privacidad\/","title":{"rendered":"Pol\u00edtica de Privacidad"},"content":{"rendered":"<div id=\"clickdatos\">RESPONSABLE DEL TRATAMIENTO<\/p>\n<p>\u00bfQui\u00e9n es el responsable de sus datos?<\/p>\n<p>Titular: Marcos Antonio Mu\u00f1iz (En Adelante, \u201cEl Responsable\u201d)<br \/>\nDomicilio: C\/ Dr. Jimenez Diaz 1, Coslada, 28821, Madrid.<br \/>\nNIF 54836029G<br \/>\nTel\u00e9fono:  +34 663 307 469<\/p>\n<p>II. FINALIDAD DEL TRATAMIENTO DE LOS DATOS Y CATEGOR\u00cdAS DE DATOS TRATADOS<\/p>\n<p>\u00bfCon qu\u00e9 finalidad ser\u00e1n tratados sus datos personales?<\/p>\n<p>El Responsable tratar\u00e1 los datos del titular, de manera manual y\/o automatizada, para las siguientes finalidades espec\u00edficas:<\/p>\n<p>Gestionar las solicitudes de informaci\u00f3n de los servicios ofertados a trav\u00e9s de los distintos canales, las cuales se solicitar\u00e1n a trav\u00e9s de los distintos medios proporcionados para ello (v\u00eda formulario web, llamada telef\u00f3nica, redes sociales).<\/p>\n<p>Prestar los servicios ofertados a trav\u00e9s de v\u00eda telem\u00e1tica o de manera presencial, para los cuales, ser\u00e1 necesario el tratamiento de datos de car\u00e1cter religioso en su caso.<\/p>\n<p>Gestionar la contrataci\u00f3n de los servicios as\u00ed como la facturaci\u00f3n y el cobro de los mismo.<\/p>\n<p>Gestionar el env\u00edo de comunicaciones comerciales de los productos, ofertas y servicios ofertados a trav\u00e9s de los distintos medios, incluso por v\u00eda electr\u00f3nica.<\/p>\n<p>Dar cumplimiento a las obligaciones legalmente establecidas, as\u00ed como verificar el cumplimiento de las obligaciones contractuales.<\/p>\n<p>\u00bfQu\u00e9 categor\u00edas de datos tratamos?<\/p>\n<p>Atendiendo a las finalidades antes mencionadas, El Responsable trata las siguientes categor\u00edas de datos:<\/p>\n<p>Datos identificativos: nombre, apellidos, direcci\u00f3n postal, direcci\u00f3n de correo electr\u00f3nico, c\u00f3digo postal, tel\u00e9fono.<\/p>\n<p>Datos econ\u00f3micos, o financieros, bancarios.<\/p>\n<p>Datos de car\u00e1cter religioso qu\u00e9 por condici\u00f3n de la prestaci\u00f3n de los servicios son objeto de tratamiento previo consentimiento del titular de los datos.<\/p>\n<p>El titular garantiza que los datos aportados son verdaderos, exactos, completos y actualizados, siendo responsable de cualquier da\u00f1o o perjuicio, directo o indirecto, que pudiera ocasionarse como consecuencia del incumplimiento de tal obligaci\u00f3n.<\/p>\n<p>En caso de que el titular facilite datos de terceros, manifiesta contar con el consentimiento expreso de los mismos y se compromete a trasladarle la informaci\u00f3n contenida en esta cl\u00e1usula, eximiendo a El Responsable de cualquier responsabilidad en este sentido. No obstante, El Responsable podr\u00e1 llevar a cabo las verificaciones para constatar este hecho, adoptando las medidas de diligencia debida que correspondan, conforme a la normativa de protecci\u00f3n de datos.<\/p>\n<p>\u00bfCu\u00e1nto tiempo guardamos sus datos?<\/p>\n<p>El Responsable conservar\u00e1 los datos personales de los titulares \u00fanicamente durante el tiempo necesario para la realizaci\u00f3n de las finalidades para las que fueron recogidos y en el caso de que haya otorgado su consentimiento para ello mientras no revoque el mismo. Posteriormente, en caso de ser necesario, se mantendr\u00e1 la informaci\u00f3n debidamente bloqueada durante los plazos legalmente establecidos.<\/p>\n<p>Una vez transcurridos los plazos legales por los cuales el Responsable debe mantener los datos \u00e9stos ser\u00e1n suprimidos, salvo que nos indique lo contrario.<\/p>\n<p>\u00bfQu\u00e9 medidas de seguridad implantamos para cuidar sus datos?<\/p>\n<p>Con objeto de proteger las diferentes tipolog\u00edas de datos tratados, El Responsable llevar\u00e1 a cabo las medidas de seguridad t\u00e9cnicas necesarias para evitar su p\u00e9rdida, manipulaci\u00f3n, difusi\u00f3n o alteraci\u00f3n.<\/p>\n<p>En aquellos casos en los que El Responsable cuente con prestadores de servicio que se encuentren fuera de la Uni\u00f3n Europea, le informamos de que estas trasferencias internacionales se hayan regularizadas atendiendo al compromiso de El Responsable con la protecci\u00f3n, integridad y seguridad de los datos personales de los usuarios.<\/p>\n<p>III. COMUNICACIONES DE DATOS<\/p>\n<p>\u00bfA qu\u00e9 destinatarios se comunicar\u00e1n tus datos?<\/p>\n<p>El Responsable le informa de que durante el tratamiento de los datos personales no realizar\u00e1 ninguna cesi\u00f3n de estos salvo en cumplimiento de una obligaci\u00f3n legal o con el consentimiento del interesado a quien se le solicitar\u00e1 en el caso de que sea necesario, inform\u00e1ndosele de las consecuencias de su no otorgamiento. Le informamos de que podr\u00e1 retirar en cualquier momento su consentimiento a trav\u00e9s de la siguiente direcci\u00f3n de correo electr\u00f3nico marcos@consultassanteria.com.<\/p>\n<p>IV. LEGITIMACI\u00d3N<\/p>\n<p>\u00bfCu\u00e1l es la legitimaci\u00f3n para el tratamiento de sus datos?<\/p>\n<p>La legitimaci\u00f3n por parte de El Responsable para llevar a cabo el tratamiento de los datos de los titulares se encuentra en el consentimiento previo del titular de los datos.<\/p>\n<p>El Responsable le informa de que por raz\u00f3n de la condici\u00f3n de los tipos de servicios que son prestados, es condici\u00f3n indispensable el otorgamiento del consentimiento expreso para el tratamiento, ya que de lo contrario no podr\u00edan prestarse los servicios ofertados.<\/p>\n<p>Por su parte, la gesti\u00f3n de la contrataci\u00f3n de servicios, pago, facturaci\u00f3n y env\u00edos correspondientes, est\u00e1 legitimado el tratamiento por la propia ejecuci\u00f3n del contrato o la relaci\u00f3n precontractual.<\/p>\n<p>En el caso de desear recibir comunicaciones comerciales, ser\u00e1 necesario que otorgue su consentimiento expreso previamente.<\/p>\n<p>El Responsable le informa de qu\u00e9 podr\u00e1 revocar en cualquier momento su consentimiento para el tratamiento de sus datos dirigiendo su petici\u00f3n a la siguiente direcci\u00f3n de correo electr\u00f3nico marcos@consultassanteria.com.<\/p>\n<p>No obstante, la retirada de su consentimiento no afectar\u00e1 a la licitud de los tratamientos efectuados con anterioridad en materia de contrataci\u00f3n, pago y facturaci\u00f3n.<\/p>\n<p>Igualmente se podr\u00e1 utilizar su informaci\u00f3n para el cumplimiento de las diferentes obligaciones legales de El Responsable.<\/p>\n<p>V. DERECHOS DE LOS USUARIOS<\/p>\n<p>\u00bfQu\u00e9 derechos tiene el interesado?<\/p>\n<p>Puede remitir su solicitud por escrito a la siguiente direcci\u00f3n: C\/ Dr. Jimenez Diaz 1, Coslada, 28821, Madrid o bien a trav\u00e9s de la direcci\u00f3n de correo electr\u00f3nico marcos@consultassanteria.com.<\/p>\n<p>En cualquier momento y de manera gratuita, podr\u00e1 ejercer los siguientes derechos:<br \/>\n\u2022 Revocar los consentimientos otorgados.<br \/>\n\u2022 Obtener confirmaci\u00f3n acerca de si El Responsable est\u00e1 tratando datos personales que le conciernen o no.<br \/>\n\u2022 Acceder a sus datos personales.<br \/>\n\u2022 Rectificar los datos inexactos o incompletos.<br \/>\n\u2022 Solicitar la supresi\u00f3n de sus datos cuando, entre otros motivos, los datos ya no sean necesarios para los fines que fueron recogidos.<br \/>\n\u2022 Obtener de El Responsable la limitaci\u00f3n del tratamiento de los datos cuando se cumpla alguna de las condiciones previstas en la normativa de protecci\u00f3n de datos.<br \/>\n\u2022 En determinadas circunstancias y por motivos relacionados con su situaci\u00f3n particular al tratamiento de sus datos, los interesados podr\u00e1n oponerse al tratamiento de sus datos. El Responsable dejar\u00e1 de tratar los datos, salvo por motivos leg\u00edtimos imperiosos, o el ejercicio o la defensa de posibles reclamaciones.<br \/>\n\u2022 Obtener intervenci\u00f3n humana, a expresar su punto de vista y a impugnar las decisiones automatizadas adoptadas por parte de El Responsable en su caso.<br \/>\nSolicitar la portabilidad de sus datos.<\/p>\n<p>Asimismo, le informamos de que podr\u00e1 reclamar ante la Agencia Espa\u00f1ola de Protecci\u00f3n de Datos, cuando considere que El Responsable ha vulnerado los derechos que le son reconocidos por la normativa aplicable en protecci\u00f3n de datos.<\/p>\n<p>El Responsable se encuentra comprometido con el cumplimiento normativo y el respeto de los derechos de los usuarios, as\u00ed como el respeto a su privacidad, por lo que si tiene alguna duda con respecto a c\u00f3mo trata sus datos personales, no dude en ponerse en contacto a trav\u00e9s de las v\u00edas indicadas.<\/p>\n<p>Uso de APIs externas:<\/p>\n<p>Usamos YouTube API services, al que aplican los t\u00e9rminos de Servicio de Youtube, m\u00e1s informaci\u00f3n en este enlace https:\/\/www.youtube.com\/t\/terms<\/p>\n<p>Las API de Google siguen las siguientes pol\u00edticas de privacidad: https:\/\/policies.google.com\/privacy?hl=en-US<\/p>\n<p>\u00daltima actualizaci\u00f3n: 25\/05\/2018<\/p>\n<\/div>\n","protected":false},"excerpt":{"rendered":"<p>RESPONSABLE DEL TRATAMIENTO \u00bfQui\u00e9n es el responsable de sus datos? Titular: Marcos Antonio Mu\u00f1iz (En Adelante, \u201cEl Responsable\u201d) Domicilio: C\/ Dr. Jimenez Diaz 1, Coslada, 28821, Madrid. NIF 54836029G Tel\u00e9fono: +34 663 307 469 II. FINALIDAD DEL TRATAMIENTO DE LOS DATOS Y CATEGOR\u00cdAS DE DATOS TRATADOS \u00bfCon qu\u00e9 finalidad ser\u00e1n tratados sus datos personales? El Responsable tratar\u00e1 los datos del titular, de manera manual y\/o automatizada, para las siguientes finalidades espec\u00edficas: Gestionar las solicitudes de informaci\u00f3n de los servicios ofertados a trav\u00e9s de los distintos canales, las cuales se solicitar\u00e1n a trav\u00e9s de los distintos medios proporcionados para ello (v\u00eda formulario web, llamada telef\u00f3nica, redes sociales). Prestar los servicios ofertados a trav\u00e9s de v\u00eda telem\u00e1tica o de manera presencial, para los cuales, ser\u00e1 necesario el tratamiento de datos de car\u00e1cter religioso en su caso. Gestionar la contrataci\u00f3n de los servicios as\u00ed como la facturaci\u00f3n y el cobro de los mismo. Gestionar el env\u00edo de comunicaciones comerciales de los productos, ofertas y servicios ofertados a trav\u00e9s de los distintos medios, incluso por v\u00eda electr\u00f3nica. Dar cumplimiento a las obligaciones legalmente establecidas, as\u00ed como verificar el cumplimiento de las obligaciones contractuales. \u00bfQu\u00e9 categor\u00edas de datos tratamos? Atendiendo a las finalidades antes mencionadas, El Responsable trata las siguientes categor\u00edas de datos: Datos identificativos: nombre, apellidos, direcci\u00f3n postal, direcci\u00f3n de correo electr\u00f3nico, c\u00f3digo postal, tel\u00e9fono. Datos econ\u00f3micos, o financieros, bancarios. Datos de car\u00e1cter religioso qu\u00e9 por condici\u00f3n de la prestaci\u00f3n de los servicios son objeto de tratamiento previo consentimiento del titular de los datos. El titular garantiza que los datos aportados son verdaderos, exactos, completos y actualizados, siendo responsable de cualquier da\u00f1o o perjuicio, directo o indirecto, que pudiera ocasionarse como consecuencia del incumplimiento de tal obligaci\u00f3n. En caso de que el titular facilite datos de terceros, manifiesta contar con el consentimiento expreso de los mismos y se compromete a trasladarle la informaci\u00f3n contenida en esta cl\u00e1usula, eximiendo a El Responsable de cualquier responsabilidad en este sentido. No obstante, El Responsable podr\u00e1 llevar a cabo las verificaciones para constatar este hecho, adoptando las medidas de diligencia debida que correspondan, conforme a la normativa de protecci\u00f3n de datos. \u00bfCu\u00e1nto tiempo guardamos sus datos? El Responsable conservar\u00e1 los datos personales de los titulares \u00fanicamente durante el tiempo necesario para la realizaci\u00f3n de las finalidades para las que fueron recogidos y en el caso de que haya otorgado su consentimiento para ello mientras no revoque el mismo. Posteriormente, en caso de ser necesario, se mantendr\u00e1 la informaci\u00f3n debidamente bloqueada durante los plazos legalmente establecidos. Una vez transcurridos los plazos legales por los cuales el Responsable debe mantener los datos \u00e9stos ser\u00e1n suprimidos, salvo que nos indique lo contrario. \u00bfQu\u00e9 medidas de seguridad implantamos para cuidar sus datos? Con objeto de proteger las diferentes tipolog\u00edas de datos tratados, El Responsable llevar\u00e1 a cabo las medidas de seguridad t\u00e9cnicas necesarias para evitar su p\u00e9rdida, manipulaci\u00f3n, difusi\u00f3n o alteraci\u00f3n. En aquellos casos en los que El Responsable cuente con prestadores de servicio que se encuentren fuera de la Uni\u00f3n Europea, le informamos de que estas trasferencias internacionales se hayan regularizadas atendiendo al compromiso de El Responsable con la protecci\u00f3n, integridad y seguridad de los datos personales de los usuarios. III. COMUNICACIONES DE DATOS \u00bfA qu\u00e9 destinatarios se comunicar\u00e1n tus datos? El Responsable le informa de que durante el tratamiento de los datos personales no realizar\u00e1 ninguna cesi\u00f3n de estos salvo en cumplimiento de una obligaci\u00f3n legal o con el consentimiento del interesado a quien se le solicitar\u00e1 en el caso de que sea necesario, inform\u00e1ndosele de las consecuencias de su no otorgamiento. Le informamos de que podr\u00e1 retirar en cualquier momento su consentimiento a trav\u00e9s de la siguiente direcci\u00f3n de correo electr\u00f3nico marcos@consultassanteria.com. IV. LEGITIMACI\u00d3N \u00bfCu\u00e1l es la legitimaci\u00f3n para el tratamiento de sus datos? La legitimaci\u00f3n por parte de El Responsable para llevar a cabo el tratamiento de los datos de los titulares se encuentra en el consentimiento previo del titular de los datos. El Responsable le informa de que por raz\u00f3n de la condici\u00f3n de los tipos de servicios que son prestados, es condici\u00f3n indispensable el otorgamiento del consentimiento expreso para el tratamiento, ya que de lo contrario no podr\u00edan prestarse los servicios ofertados. Por su parte, la gesti\u00f3n de la contrataci\u00f3n de servicios, pago, facturaci\u00f3n y env\u00edos correspondientes, est\u00e1 legitimado el tratamiento por la propia ejecuci\u00f3n del contrato o la relaci\u00f3n precontractual. En el caso de desear recibir comunicaciones comerciales, ser\u00e1 necesario que otorgue su consentimiento expreso previamente. El Responsable le informa de qu\u00e9 podr\u00e1 revocar en cualquier momento su consentimiento para el tratamiento de sus datos dirigiendo su petici\u00f3n a la siguiente direcci\u00f3n de correo electr\u00f3nico marcos@consultassanteria.com. No obstante, la retirada de su consentimiento no afectar\u00e1 a la licitud de los tratamientos efectuados con anterioridad en materia de contrataci\u00f3n, pago y facturaci\u00f3n. Igualmente se podr\u00e1 utilizar su informaci\u00f3n para el cumplimiento de las diferentes obligaciones legales de El Responsable. V. DERECHOS DE LOS USUARIOS \u00bfQu\u00e9 derechos tiene el interesado? Puede remitir su solicitud por escrito a la siguiente direcci\u00f3n: C\/ Dr. Jimenez Diaz 1, Coslada, 28821, Madrid o bien a trav\u00e9s de la direcci\u00f3n de correo electr\u00f3nico marcos@consultassanteria.com. En cualquier momento y de manera gratuita, podr\u00e1 ejercer los siguientes derechos: \u2022 Revocar los consentimientos otorgados. \u2022 Obtener confirmaci\u00f3n acerca de si El Responsable est\u00e1 tratando datos personales que le conciernen o no. \u2022 Acceder a sus datos personales. \u2022 Rectificar los datos inexactos o incompletos. \u2022 Solicitar la supresi\u00f3n de sus datos cuando, entre otros motivos, los datos ya no sean necesarios para los fines que fueron recogidos. \u2022 Obtener de El Responsable la limitaci\u00f3n del tratamiento de los datos cuando se cumpla alguna de las condiciones previstas en la normativa de protecci\u00f3n de datos. \u2022 En determinadas circunstancias y por motivos relacionados con su situaci\u00f3n particular al tratamiento de sus datos, los interesados podr\u00e1n oponerse al tratamiento de sus datos. El Responsable dejar\u00e1 de tratar los datos, salvo por motivos leg\u00edtimos imperiosos, o el ejercicio o la defensa de posibles reclamaciones. \u2022 Obtener intervenci\u00f3n humana, a expresar su punto de vista y a impugnar las decisiones automatizadas adoptadas por parte de El Responsable en su caso. Solicitar la portabilidad de sus datos. Asimismo, le informamos de que podr\u00e1 reclamar ante la Agencia Espa\u00f1ola de Protecci\u00f3n de Datos, cuando considere que El Responsable ha vulnerado los derechos que le son reconocidos por la normativa aplicable en protecci\u00f3n de datos. El Responsable se encuentra comprometido con el cumplimiento normativo y el respeto de los derechos de los usuarios, as\u00ed como el respeto a su privacidad, por lo que si tiene alguna duda con respecto a c\u00f3mo trata sus datos personales, no dude en ponerse en contacto a trav\u00e9s de las v\u00edas indicadas. Uso de APIs externas: Usamos YouTube API services, al que aplican los t\u00e9rminos de Servicio de Youtube, m\u00e1s informaci\u00f3n en este enlace https:\/\/www.youtube.com\/t\/terms Las API de Google siguen las siguientes pol\u00edticas de privacidad: https:\/\/policies.google.com\/privacy?hl=en-US \u00daltima actualizaci\u00f3n: 25\/05\/2018<\/p>\n","protected":false},"author":1,"featured_media":0,"parent":1756,"menu_order":5,"comment_status":"closed","ping_status":"closed","template":"","meta":{"footnotes":""},"class_list":["post-1749","page","type-page","status-publish","hentry"],"acf":[],"_links":{"self":[{"href":"https:\/\/www.consultassanteria.com\/wordpress\/wp-json\/wp\/v2\/pages\/1749","targetHints":{"allow":["GET"]}}],"collection":[{"href":"https:\/\/www.consultassanteria.com\/wordpress\/wp-json\/wp\/v2\/pages"}],"about":[{"href":"https:\/\/www.consultassanteria.com\/wordpress\/wp-json\/wp\/v2\/types\/page"}],"author":[{"embeddable":true,"href":"https:\/\/www.consultassanteria.com\/wordpress\/wp-json\/wp\/v2\/users\/1"}],"replies":[{"embeddable":true,"href":"https:\/\/www.consultassanteria.com\/wordpress\/wp-json\/wp\/v2\/comments?post=1749"}],"version-history":[{"count":3,"href":"https:\/\/www.consultassanteria.com\/wordpress\/wp-json\/wp\/v2\/pages\/1749\/revisions"}],"predecessor-version":[{"id":6857,"href":"https:\/\/www.consultassanteria.com\/wordpress\/wp-json\/wp\/v2\/pages\/1749\/revisions\/6857"}],"up":[{"embeddable":true,"href":"https:\/\/www.consultassanteria.com\/wordpress\/wp-json\/wp\/v2\/pages\/1756"}],"wp:attachment":[{"href":"https:\/\/www.consultassanteria.com\/wordpress\/wp-json\/wp\/v2\/media?parent=1749"}],"curies":[{"name":"wp","href":"https:\/\/api.w.org\/{rel}","templated":true}]}}